{"id":2526,"date":"2021-10-16T14:25:38","date_gmt":"2021-10-16T12:25:38","guid":{"rendered":"https:\/\/www.vajkuny.com\/sk\/?post_type=product&#038;p=2526"},"modified":"2021-10-16T14:31:11","modified_gmt":"2021-10-16T12:31:11","slug":"bundickabella","status":"publish","type":"product","link":"https:\/\/www.vajkuny.com\/sk\/product\/bundickabella\/","title":{"rendered":"Bundi\u010dka Bella"},"content":{"rendered":"","protected":false},"excerpt":{"rendered":"<p>V na\u0161\u00ed ko\u017eenkov\u00e9 bundi\u010dce budete vypadat naprosto fantasticky.<\/p>\n<p>D\u00edky kr\u00e1sn\u00e9mu st\u0159ihu se za v\u00e1mi ka\u017ed\u00fd oto\u010d\u00ed!<\/p>\n<p>A \u017eeny v\u00e1m ji budou z\u00e1vid\u011bt..<\/p>\n<p>&nbsp;<\/p>\n<p>&nbsp;<\/p>\n<p>&nbsp;<\/p>\n","protected":false},"featured_media":2509,"comment_status":"open","ping_status":"closed","template":"","meta":[],"product_cat":[154],"product_tag":[],"_links":{"self":[{"href":"https:\/\/www.vajkuny.com\/sk\/wp-json\/wp\/v2\/product\/2526"}],"collection":[{"href":"https:\/\/www.vajkuny.com\/sk\/wp-json\/wp\/v2\/product"}],"about":[{"href":"https:\/\/www.vajkuny.com\/sk\/wp-json\/wp\/v2\/types\/product"}],"replies":[{"embeddable":true,"href":"https:\/\/www.vajkuny.com\/sk\/wp-json\/wp\/v2\/comments?post=2526"}],"wp:featuredmedia":[{"embeddable":true,"href":"https:\/\/www.vajkuny.com\/sk\/wp-json\/wp\/v2\/media\/2509"}],"wp:attachment":[{"href":"https:\/\/www.vajkuny.com\/sk\/wp-json\/wp\/v2\/media?parent=2526"}],"wp:term":[{"taxonomy":"product_cat","embeddable":true,"href":"https:\/\/www.vajkuny.com\/sk\/wp-json\/wp\/v2\/product_cat?post=2526"},{"taxonomy":"product_tag","embeddable":true,"href":"https:\/\/www.vajkuny.com\/sk\/wp-json\/wp\/v2\/product_tag?post=2526"}],"curies":[{"name":"wp","href":"https:\/\/api.w.org\/{rel}","templated":true}]}}