{"id":2521,"date":"2021-10-16T14:11:38","date_gmt":"2021-10-16T12:11:38","guid":{"rendered":"https:\/\/www.vajkuny.com\/sk\/?post_type=product&#038;p=2521"},"modified":"2021-10-16T14:14:42","modified_gmt":"2021-10-16T12:14:42","slug":"soupravaselena","status":"publish","type":"product","link":"https:\/\/www.vajkuny.com\/sk\/product\/soupravaselena\/","title":{"rendered":"Souprava Selena"},"content":{"rendered":"","protected":false},"excerpt":{"rendered":"<p>Z rubu t\u00e9to l\u00e1tky je semi\u0161 tak\u017ee se v n\u00ed budete cit\u00edt naprosto p\u0159\u00edjemn\u011b.<\/p>\n<p>&nbsp;<\/p>\n<p>&nbsp;<\/p>\n<p>&nbsp;<\/p>\n","protected":false},"featured_media":2511,"comment_status":"open","ping_status":"closed","template":"","meta":[],"product_cat":[140],"product_tag":[],"_links":{"self":[{"href":"https:\/\/www.vajkuny.com\/sk\/wp-json\/wp\/v2\/product\/2521"}],"collection":[{"href":"https:\/\/www.vajkuny.com\/sk\/wp-json\/wp\/v2\/product"}],"about":[{"href":"https:\/\/www.vajkuny.com\/sk\/wp-json\/wp\/v2\/types\/product"}],"replies":[{"embeddable":true,"href":"https:\/\/www.vajkuny.com\/sk\/wp-json\/wp\/v2\/comments?post=2521"}],"wp:featuredmedia":[{"embeddable":true,"href":"https:\/\/www.vajkuny.com\/sk\/wp-json\/wp\/v2\/media\/2511"}],"wp:attachment":[{"href":"https:\/\/www.vajkuny.com\/sk\/wp-json\/wp\/v2\/media?parent=2521"}],"wp:term":[{"taxonomy":"product_cat","embeddable":true,"href":"https:\/\/www.vajkuny.com\/sk\/wp-json\/wp\/v2\/product_cat?post=2521"},{"taxonomy":"product_tag","embeddable":true,"href":"https:\/\/www.vajkuny.com\/sk\/wp-json\/wp\/v2\/product_tag?post=2521"}],"curies":[{"name":"wp","href":"https:\/\/api.w.org\/{rel}","templated":true}]}}