{"id":2499,"date":"2021-10-16T11:03:27","date_gmt":"2021-10-16T09:03:27","guid":{"rendered":"https:\/\/www.vajkuny.com\/sk\/?post_type=product&#038;p=2499"},"modified":"2021-10-16T14:11:23","modified_gmt":"2021-10-16T12:11:23","slug":"soupravamegan","status":"publish","type":"product","link":"https:\/\/www.vajkuny.com\/sk\/product\/soupravamegan\/","title":{"rendered":"Souprava Megan"},"content":{"rendered":"<p>L\u00e1tka je pru\u017en\u00e1.<\/p>\n<p>XS &#8211;\u00a0\u00a0 TOP &#8211;<strong> \u0161\u00ed\u0159ka<\/strong> 84cm, <strong>d\u00e9lka<\/strong> 68cm ( del\u0161\u00ed verze + 5cm), <strong>ruk\u00e1v<\/strong> 62cm (del\u0161\u00ed verze +3cm)<\/p>\n<p>KALHOTY &#8211;<strong> d\u00e9lka<\/strong> 93cm (del\u0161\u00ed verze + 5cm), <strong>pas<\/strong> 66cm<\/p>\n<p>S &#8211;\u00a0\u00a0\u00a0TOP &#8211;<strong> \u0161\u00ed\u0159ka<\/strong> 88cm, <strong>d\u00e9lka<\/strong> 68cm ( del\u0161\u00ed verze + 5cm), <strong>ruk\u00e1v<\/strong> 62cm (del\u0161\u00ed verze +3cm)<\/p>\n<p>KALHOTY &#8211;<strong> d\u00e9lka<\/strong> 93cm (del\u0161\u00ed verze + 5cm), <strong>pas<\/strong> 70cm<\/p>\n<p>M &#8211;\u00a0\u00a0\u00a0TOP &#8211;<strong> \u0161\u00ed\u0159ka<\/strong> 96cm, <strong>d\u00e9lka<\/strong> 68cm ( del\u0161\u00ed verze + 5cm), <strong>ruk\u00e1v<\/strong> 64cm (del\u0161\u00ed verze +3cm)<\/p>\n<p>KALHOTY &#8211;<strong> d\u00e9lka<\/strong> 94cm (del\u0161\u00ed verze + 5cm), <strong>pas<\/strong> 74cm<\/p>\n<p>L\u00a0 &#8211;\u00a0\u00a0\u00a0TOP &#8211;<strong> \u0161\u00ed\u0159ka<\/strong> 96cm, <strong>d\u00e9lka<\/strong> 68cm ( del\u0161\u00ed verze + 5cm), <strong>ruk\u00e1v<\/strong> 64cm (del\u0161\u00ed verze +3cm)<\/p>\n<p>KALHOTY &#8211;<strong> d\u00e9lka<\/strong> 94cm (del\u0161\u00ed verze + 5cm), <strong>pas<\/strong> 82cm<\/p>\n","protected":false},"excerpt":{"rendered":"<p>Souprava z velmi p\u0159\u00edjemn\u00e9ho tepl\u00e9ho materi\u00e1lu.<\/p>\n<p>D\u00edky elegantn\u00edmu st\u0159ihu vr\u0161ku si ho m\u016f\u017eete obl\u00e9ci t\u00e9m\u011b\u0159 kamkoliv.<\/p>\n<p>&nbsp;<\/p>\n","protected":false},"featured_media":2517,"comment_status":"open","ping_status":"closed","template":"","meta":[],"product_cat":[141],"product_tag":[],"_links":{"self":[{"href":"https:\/\/www.vajkuny.com\/sk\/wp-json\/wp\/v2\/product\/2499"}],"collection":[{"href":"https:\/\/www.vajkuny.com\/sk\/wp-json\/wp\/v2\/product"}],"about":[{"href":"https:\/\/www.vajkuny.com\/sk\/wp-json\/wp\/v2\/types\/product"}],"replies":[{"embeddable":true,"href":"https:\/\/www.vajkuny.com\/sk\/wp-json\/wp\/v2\/comments?post=2499"}],"wp:featuredmedia":[{"embeddable":true,"href":"https:\/\/www.vajkuny.com\/sk\/wp-json\/wp\/v2\/media\/2517"}],"wp:attachment":[{"href":"https:\/\/www.vajkuny.com\/sk\/wp-json\/wp\/v2\/media?parent=2499"}],"wp:term":[{"taxonomy":"product_cat","embeddable":true,"href":"https:\/\/www.vajkuny.com\/sk\/wp-json\/wp\/v2\/product_cat?post=2499"},{"taxonomy":"product_tag","embeddable":true,"href":"https:\/\/www.vajkuny.com\/sk\/wp-json\/wp\/v2\/product_tag?post=2499"}],"curies":[{"name":"wp","href":"https:\/\/api.w.org\/{rel}","templated":true}]}}