{"id":2426,"date":"2021-07-10T09:16:01","date_gmt":"2021-07-10T07:16:01","guid":{"rendered":"https:\/\/www.vajkuny.com\/sk\/?post_type=product&#038;p=2426"},"modified":"2021-10-16T14:35:14","modified_gmt":"2021-10-16T12:35:14","slug":"saty-sofie","status":"publish","type":"product","link":"https:\/\/www.vajkuny.com\/sk\/product\/saty-sofie\/","title":{"rendered":"\u0160aty Sofie"},"content":{"rendered":"","protected":false},"excerpt":{"rendered":"<p style=\"text-align: left\">Letn\u00ed \u0161aty s variabilitou no\u0161en\u00ed, velk\u00fd vol\u00e1n je na patentky, kter\u00fd m\u016f\u017eete \u00fapln\u011b odepnout.<\/p>\n<p>&nbsp;<\/p>\n","protected":false},"featured_media":2424,"comment_status":"open","ping_status":"closed","template":"","meta":[],"product_cat":[141],"product_tag":[],"_links":{"self":[{"href":"https:\/\/www.vajkuny.com\/sk\/wp-json\/wp\/v2\/product\/2426"}],"collection":[{"href":"https:\/\/www.vajkuny.com\/sk\/wp-json\/wp\/v2\/product"}],"about":[{"href":"https:\/\/www.vajkuny.com\/sk\/wp-json\/wp\/v2\/types\/product"}],"replies":[{"embeddable":true,"href":"https:\/\/www.vajkuny.com\/sk\/wp-json\/wp\/v2\/comments?post=2426"}],"wp:featuredmedia":[{"embeddable":true,"href":"https:\/\/www.vajkuny.com\/sk\/wp-json\/wp\/v2\/media\/2424"}],"wp:attachment":[{"href":"https:\/\/www.vajkuny.com\/sk\/wp-json\/wp\/v2\/media?parent=2426"}],"wp:term":[{"taxonomy":"product_cat","embeddable":true,"href":"https:\/\/www.vajkuny.com\/sk\/wp-json\/wp\/v2\/product_cat?post=2426"},{"taxonomy":"product_tag","embeddable":true,"href":"https:\/\/www.vajkuny.com\/sk\/wp-json\/wp\/v2\/product_tag?post=2426"}],"curies":[{"name":"wp","href":"https:\/\/api.w.org\/{rel}","templated":true}]}}