{"id":2403,"date":"2021-06-15T11:22:07","date_gmt":"2021-06-15T09:22:07","guid":{"rendered":"https:\/\/www.vajkuny.com\/sk\/?post_type=product&#038;p=2403"},"modified":"2021-10-16T14:35:17","modified_gmt":"2021-10-16T12:35:17","slug":"saty-alma","status":"publish","type":"product","link":"https:\/\/www.vajkuny.com\/sk\/product\/saty-alma\/","title":{"rendered":"\u0160aty ALMA"},"content":{"rendered":"","protected":false},"excerpt":{"rendered":"<p style=\"text-align: left\">Letn\u00ed \u0161aty z velmi kvalitn\u00ed p\u0159\u00edjemn\u00e9 nema\u010dkav\u00e9 l\u00e1tky.<\/p>\n<p>&nbsp;<\/p>\n","protected":false},"featured_media":2410,"comment_status":"open","ping_status":"closed","template":"","meta":[],"product_cat":[141],"product_tag":[],"_links":{"self":[{"href":"https:\/\/www.vajkuny.com\/sk\/wp-json\/wp\/v2\/product\/2403"}],"collection":[{"href":"https:\/\/www.vajkuny.com\/sk\/wp-json\/wp\/v2\/product"}],"about":[{"href":"https:\/\/www.vajkuny.com\/sk\/wp-json\/wp\/v2\/types\/product"}],"replies":[{"embeddable":true,"href":"https:\/\/www.vajkuny.com\/sk\/wp-json\/wp\/v2\/comments?post=2403"}],"wp:featuredmedia":[{"embeddable":true,"href":"https:\/\/www.vajkuny.com\/sk\/wp-json\/wp\/v2\/media\/2410"}],"wp:attachment":[{"href":"https:\/\/www.vajkuny.com\/sk\/wp-json\/wp\/v2\/media?parent=2403"}],"wp:term":[{"taxonomy":"product_cat","embeddable":true,"href":"https:\/\/www.vajkuny.com\/sk\/wp-json\/wp\/v2\/product_cat?post=2403"},{"taxonomy":"product_tag","embeddable":true,"href":"https:\/\/www.vajkuny.com\/sk\/wp-json\/wp\/v2\/product_tag?post=2403"}],"curies":[{"name":"wp","href":"https:\/\/api.w.org\/{rel}","templated":true}]}}