{"id":2393,"date":"2021-06-07T19:44:18","date_gmt":"2021-06-07T17:44:18","guid":{"rendered":"https:\/\/www.vajkuny.com\/sk\/?post_type=product&#038;p=2393"},"modified":"2021-10-16T14:35:21","modified_gmt":"2021-10-16T12:35:21","slug":"saty-jasmin","status":"publish","type":"product","link":"https:\/\/www.vajkuny.com\/sk\/product\/saty-jasmin\/","title":{"rendered":"\u0160aty Jasmin"},"content":{"rendered":"","protected":false},"excerpt":{"rendered":"<p>Letn\u00ed \u0161aty z mikrosat\u00e9nu. Na ka\u017edodenn\u00ed no\u0161en\u00ed, ale vhodn\u00e9 i na vyj\u00edme\u010dn\u00e9 ud\u00e1losti.<\/p>\n<p>&nbsp;<\/p>\n","protected":false},"featured_media":2392,"comment_status":"open","ping_status":"closed","template":"","meta":[],"product_cat":[141],"product_tag":[],"_links":{"self":[{"href":"https:\/\/www.vajkuny.com\/sk\/wp-json\/wp\/v2\/product\/2393"}],"collection":[{"href":"https:\/\/www.vajkuny.com\/sk\/wp-json\/wp\/v2\/product"}],"about":[{"href":"https:\/\/www.vajkuny.com\/sk\/wp-json\/wp\/v2\/types\/product"}],"replies":[{"embeddable":true,"href":"https:\/\/www.vajkuny.com\/sk\/wp-json\/wp\/v2\/comments?post=2393"}],"wp:featuredmedia":[{"embeddable":true,"href":"https:\/\/www.vajkuny.com\/sk\/wp-json\/wp\/v2\/media\/2392"}],"wp:attachment":[{"href":"https:\/\/www.vajkuny.com\/sk\/wp-json\/wp\/v2\/media?parent=2393"}],"wp:term":[{"taxonomy":"product_cat","embeddable":true,"href":"https:\/\/www.vajkuny.com\/sk\/wp-json\/wp\/v2\/product_cat?post=2393"},{"taxonomy":"product_tag","embeddable":true,"href":"https:\/\/www.vajkuny.com\/sk\/wp-json\/wp\/v2\/product_tag?post=2393"}],"curies":[{"name":"wp","href":"https:\/\/api.w.org\/{rel}","templated":true}]}}