{"id":2375,"date":"2021-06-02T18:40:59","date_gmt":"2021-06-02T16:40:59","guid":{"rendered":"https:\/\/www.vajkuny.com\/sk\/?post_type=product&#038;p=2375"},"modified":"2021-10-07T13:49:44","modified_gmt":"2021-10-07T11:49:44","slug":"satyvalentine","status":"publish","type":"product","link":"https:\/\/www.vajkuny.com\/sk\/product\/satyvalentine\/","title":{"rendered":"\u0160aty Valentine"},"content":{"rendered":"","protected":false},"excerpt":{"rendered":"<p>Letn\u00ed \u0161aty u\u0161it\u00e9 ze sat\u00e9nov\u00e9 l\u00e1tky. Na ka\u017edodenn\u00ed no\u0161en\u00ed, ale vhodn\u00e9 i na vyj\u00edme\u010dn\u00e9 ud\u00e1losti.<\/p>\n<p>Must have tohoto l\u00e9ta!<\/p>\n","protected":false},"featured_media":2348,"comment_status":"open","ping_status":"closed","template":"","meta":[],"product_cat":[141],"product_tag":[],"_links":{"self":[{"href":"https:\/\/www.vajkuny.com\/sk\/wp-json\/wp\/v2\/product\/2375"}],"collection":[{"href":"https:\/\/www.vajkuny.com\/sk\/wp-json\/wp\/v2\/product"}],"about":[{"href":"https:\/\/www.vajkuny.com\/sk\/wp-json\/wp\/v2\/types\/product"}],"replies":[{"embeddable":true,"href":"https:\/\/www.vajkuny.com\/sk\/wp-json\/wp\/v2\/comments?post=2375"}],"wp:featuredmedia":[{"embeddable":true,"href":"https:\/\/www.vajkuny.com\/sk\/wp-json\/wp\/v2\/media\/2348"}],"wp:attachment":[{"href":"https:\/\/www.vajkuny.com\/sk\/wp-json\/wp\/v2\/media?parent=2375"}],"wp:term":[{"taxonomy":"product_cat","embeddable":true,"href":"https:\/\/www.vajkuny.com\/sk\/wp-json\/wp\/v2\/product_cat?post=2375"},{"taxonomy":"product_tag","embeddable":true,"href":"https:\/\/www.vajkuny.com\/sk\/wp-json\/wp\/v2\/product_tag?post=2375"}],"curies":[{"name":"wp","href":"https:\/\/api.w.org\/{rel}","templated":true}]}}