{"id":2343,"date":"2021-05-30T16:12:55","date_gmt":"2021-05-30T14:12:55","guid":{"rendered":"https:\/\/www.vajkuny.com\/sk\/?post_type=product&#038;p=2343"},"modified":"2021-10-07T13:50:04","modified_gmt":"2021-10-07T11:50:04","slug":"saty-elisa","status":"publish","type":"product","link":"https:\/\/www.vajkuny.com\/sk\/product\/saty-elisa\/","title":{"rendered":"\u0160aty Elisa"},"content":{"rendered":"","protected":false},"excerpt":{"rendered":"<p>Letn\u00ed \u0161aty z \u00fa\u017easn\u00e9ho microsat\u00e9nu, na ka\u017edodenn\u00ed no\u0161en\u00ed, ale vhodn\u00e9 i na vyj\u00edme\u010dn\u00e9 ud\u00e1losti. \u0160aty jsou nema\u010dkav\u00e9, p\u0159\u00edjemn\u011b chladiv\u00e9.<\/p>\n","protected":false},"featured_media":2336,"comment_status":"open","ping_status":"closed","template":"","meta":[],"product_cat":[141],"product_tag":[],"_links":{"self":[{"href":"https:\/\/www.vajkuny.com\/sk\/wp-json\/wp\/v2\/product\/2343"}],"collection":[{"href":"https:\/\/www.vajkuny.com\/sk\/wp-json\/wp\/v2\/product"}],"about":[{"href":"https:\/\/www.vajkuny.com\/sk\/wp-json\/wp\/v2\/types\/product"}],"replies":[{"embeddable":true,"href":"https:\/\/www.vajkuny.com\/sk\/wp-json\/wp\/v2\/comments?post=2343"}],"wp:featuredmedia":[{"embeddable":true,"href":"https:\/\/www.vajkuny.com\/sk\/wp-json\/wp\/v2\/media\/2336"}],"wp:attachment":[{"href":"https:\/\/www.vajkuny.com\/sk\/wp-json\/wp\/v2\/media?parent=2343"}],"wp:term":[{"taxonomy":"product_cat","embeddable":true,"href":"https:\/\/www.vajkuny.com\/sk\/wp-json\/wp\/v2\/product_cat?post=2343"},{"taxonomy":"product_tag","embeddable":true,"href":"https:\/\/www.vajkuny.com\/sk\/wp-json\/wp\/v2\/product_tag?post=2343"}],"curies":[{"name":"wp","href":"https:\/\/api.w.org\/{rel}","templated":true}]}}