{"id":2283,"date":"2021-03-20T09:56:20","date_gmt":"2021-03-20T08:56:20","guid":{"rendered":"https:\/\/www.vajkuny.com\/sk\/?post_type=product&#038;p=2283"},"modified":"2021-05-30T16:25:43","modified_gmt":"2021-05-30T14:25:43","slug":"souprava-kelly-siva","status":"publish","type":"product","link":"https:\/\/www.vajkuny.com\/sk\/product\/souprava-kelly-siva\/","title":{"rendered":"souprava KELLY siv\u00e1"},"content":{"rendered":"<table style=\"height: 436px\" width=\"390\">\n<tbody>\n<tr>\n<td width=\"88\">MIKINA<\/td>\n<td width=\"95\"><\/td>\n<td width=\"99\"><\/td>\n<td width=\"117\"><\/td>\n<\/tr>\n<tr>\n<td>ve\u013ekos\u0165<\/td>\n<td>d\u013a\u017eka<\/td>\n<td>\u0161\u00edrka<\/td>\n<td><\/td>\n<\/tr>\n<tr>\n<td>XS<\/td>\n<td>58cm<\/td>\n<td>42cm<\/td>\n<td><\/td>\n<\/tr>\n<tr>\n<td>S<\/td>\n<td>59cm<\/td>\n<td>45cm<\/td>\n<td><\/td>\n<\/tr>\n<tr>\n<td>M<\/td>\n<td>62cm<\/td>\n<td>50cm<\/td>\n<td><\/td>\n<\/tr>\n<tr>\n<td>L<\/td>\n<td>64cm<\/td>\n<td>53cm<\/td>\n<td><\/td>\n<\/tr>\n<tr>\n<td><\/td>\n<td><\/td>\n<td><\/td>\n<td><\/td>\n<\/tr>\n<tr>\n<td>KALHOTY<\/td>\n<td><\/td>\n<td><\/td>\n<td><\/td>\n<\/tr>\n<tr>\n<td>ve\u013ekos\u0165<\/td>\n<td>d\u013a\u017eka<\/td>\n<td>obvod p\u00e1sa<\/td>\n<td><\/td>\n<\/tr>\n<tr>\n<td>XS<\/td>\n<td>88cm<\/td>\n<td>70cm<\/td>\n<td><\/td>\n<\/tr>\n<tr>\n<td>S<\/td>\n<td>92cm<\/td>\n<td>72cm<\/td>\n<td><\/td>\n<\/tr>\n<tr>\n<td>M<\/td>\n<td>95cm<\/td>\n<td>82cm<\/td>\n<td><\/td>\n<\/tr>\n<tr>\n<td>L<\/td>\n<td>96cm<\/td>\n<td>86cm<\/td>\n<td><\/td>\n<\/tr>\n<\/tbody>\n<\/table>\n","protected":false},"excerpt":{"rendered":"<p>Tepl\u00e1kov\u00e1 souprava z bio bavlny.<\/p>\n<p><strong>Tak\u00e1 bavlna je na dotyk jemnej\u0161ia, trvanlivej\u0161ia, odolnej\u0161ia a priedu\u0161nej\u0161ia.<\/strong><\/p>\n<p>&nbsp;<\/p>\n<p>&nbsp;<\/p>\n<p>Slo\u017een\u00ed : 95% bavlna 5%elastan<\/p>\n","protected":false},"featured_media":2282,"comment_status":"open","ping_status":"closed","template":"","meta":[],"product_cat":[140],"product_tag":[],"_links":{"self":[{"href":"https:\/\/www.vajkuny.com\/sk\/wp-json\/wp\/v2\/product\/2283"}],"collection":[{"href":"https:\/\/www.vajkuny.com\/sk\/wp-json\/wp\/v2\/product"}],"about":[{"href":"https:\/\/www.vajkuny.com\/sk\/wp-json\/wp\/v2\/types\/product"}],"replies":[{"embeddable":true,"href":"https:\/\/www.vajkuny.com\/sk\/wp-json\/wp\/v2\/comments?post=2283"}],"wp:featuredmedia":[{"embeddable":true,"href":"https:\/\/www.vajkuny.com\/sk\/wp-json\/wp\/v2\/media\/2282"}],"wp:attachment":[{"href":"https:\/\/www.vajkuny.com\/sk\/wp-json\/wp\/v2\/media?parent=2283"}],"wp:term":[{"taxonomy":"product_cat","embeddable":true,"href":"https:\/\/www.vajkuny.com\/sk\/wp-json\/wp\/v2\/product_cat?post=2283"},{"taxonomy":"product_tag","embeddable":true,"href":"https:\/\/www.vajkuny.com\/sk\/wp-json\/wp\/v2\/product_tag?post=2283"}],"curies":[{"name":"wp","href":"https:\/\/api.w.org\/{rel}","templated":true}]}}