{"id":2189,"date":"2021-01-30T14:02:30","date_gmt":"2021-01-30T13:02:30","guid":{"rendered":"https:\/\/www.vajkuny.com\/sk\/?post_type=product&#038;p=2189"},"modified":"2021-03-14T11:22:36","modified_gmt":"2021-03-14T10:22:36","slug":"komplet-paloma-smaragd","status":"publish","type":"product","link":"https:\/\/www.vajkuny.com\/sk\/product\/komplet-paloma-smaragd\/","title":{"rendered":"Komplet PALOMA smaragd"},"content":{"rendered":"<table width=\"399\">\n<tbody>\n<tr>\n<td width=\"88\">TOP<\/td>\n<td width=\"95\"><\/td>\n<td width=\"99\"><\/td>\n<td width=\"117\"><\/td>\n<\/tr>\n<tr>\n<td>ve\u013ekos\u0165<\/td>\n<td>d\u013a\u017eka<\/td>\n<td>\u0161\u00edrka<\/td>\n<td>\u0161\u00edrka ruk\u00e1va<\/td>\n<\/tr>\n<tr>\n<td>XS<\/td>\n<td>58cm<\/td>\n<td>42cm<\/td>\n<td>51cm<\/td>\n<\/tr>\n<tr>\n<td>S<\/td>\n<td>59cm<\/td>\n<td>45cm<\/td>\n<td>52cm<\/td>\n<\/tr>\n<tr>\n<td>M<\/td>\n<td>62cm<\/td>\n<td>50cm<\/td>\n<td>53cm<\/td>\n<\/tr>\n<tr>\n<td>L<\/td>\n<td>64cm<\/td>\n<td>53cm<\/td>\n<td>54cm<\/td>\n<\/tr>\n<tr>\n<td><\/td>\n<td><\/td>\n<td><\/td>\n<td><\/td>\n<\/tr>\n<tr>\n<td>KALHOTY<\/td>\n<td><\/td>\n<td><\/td>\n<td><\/td>\n<\/tr>\n<tr>\n<td>ve\u013ekos\u0165<\/td>\n<td>d\u013a\u017eka<\/td>\n<td>obvod p\u00e1sa<\/td>\n<td>pozn.<\/td>\n<\/tr>\n<tr>\n<td>XS<\/td>\n<td>88cm<\/td>\n<td>70cm<\/td>\n<td>pas a\u017e do 85cm<\/td>\n<\/tr>\n<tr>\n<td>S<\/td>\n<td>92cm<\/td>\n<td>72cm<\/td>\n<td>pas a\u017e do 95cm<\/td>\n<\/tr>\n<tr>\n<td>M<\/td>\n<td>95cm<\/td>\n<td>82cm<\/td>\n<td>pas a\u017e do 105cm<\/td>\n<\/tr>\n<tr>\n<td>L<\/td>\n<td>96cm<\/td>\n<td>86cm<\/td>\n<td>pas a\u017e do 108cm<\/td>\n<\/tr>\n<\/tbody>\n<\/table>\n","protected":false},"excerpt":{"rendered":"<p>Model vytvo\u0159en\u00fd z jemn\u011b leskl\u00e9ho \u00fapletu. Elasticky materi\u00e1l.<\/p>\n<p>&nbsp;<\/p>\n<p>Slo\u017een\u00ed : 94%polyester\/ 6%elastan<\/p>\n","protected":false},"featured_media":2194,"comment_status":"open","ping_status":"closed","template":"","meta":[],"product_cat":[140],"product_tag":[],"_links":{"self":[{"href":"https:\/\/www.vajkuny.com\/sk\/wp-json\/wp\/v2\/product\/2189"}],"collection":[{"href":"https:\/\/www.vajkuny.com\/sk\/wp-json\/wp\/v2\/product"}],"about":[{"href":"https:\/\/www.vajkuny.com\/sk\/wp-json\/wp\/v2\/types\/product"}],"replies":[{"embeddable":true,"href":"https:\/\/www.vajkuny.com\/sk\/wp-json\/wp\/v2\/comments?post=2189"}],"wp:featuredmedia":[{"embeddable":true,"href":"https:\/\/www.vajkuny.com\/sk\/wp-json\/wp\/v2\/media\/2194"}],"wp:attachment":[{"href":"https:\/\/www.vajkuny.com\/sk\/wp-json\/wp\/v2\/media?parent=2189"}],"wp:term":[{"taxonomy":"product_cat","embeddable":true,"href":"https:\/\/www.vajkuny.com\/sk\/wp-json\/wp\/v2\/product_cat?post=2189"},{"taxonomy":"product_tag","embeddable":true,"href":"https:\/\/www.vajkuny.com\/sk\/wp-json\/wp\/v2\/product_tag?post=2189"}],"curies":[{"name":"wp","href":"https:\/\/api.w.org\/{rel}","templated":true}]}}