{"id":1975,"date":"2019-11-14T11:43:13","date_gmt":"2019-11-14T10:43:13","guid":{"rendered":"https:\/\/www.vajkuny.com\/sk\/?post_type=product&#038;p=1975"},"modified":"2021-05-30T14:24:54","modified_gmt":"2021-05-30T12:24:54","slug":"nabikini-lisa","status":"publish","type":"product","link":"https:\/\/www.vajkuny.com\/sk\/product\/nabikini-lisa\/","title":{"rendered":"NABIKINI LISA"},"content":{"rendered":"","protected":false},"excerpt":{"rendered":"<p>\u0160aty so zav\u00e4zovan\u00edm za krk na ko\u017edodenn\u00e9 nosenie aj form\u00e1lnej\u0161ie vyu\u017eitie<\/p>\n<p><strong>Ve\u013ekosti:<\/strong><\/p>\n<p>UNI XS-S-M. &#8211; 133cm<br \/>\nUNI XS-S-M &#8211; 143cm<\/p>\n","protected":false},"featured_media":1979,"comment_status":"open","ping_status":"closed","template":"","meta":[],"product_cat":[141],"product_tag":[],"_links":{"self":[{"href":"https:\/\/www.vajkuny.com\/sk\/wp-json\/wp\/v2\/product\/1975"}],"collection":[{"href":"https:\/\/www.vajkuny.com\/sk\/wp-json\/wp\/v2\/product"}],"about":[{"href":"https:\/\/www.vajkuny.com\/sk\/wp-json\/wp\/v2\/types\/product"}],"replies":[{"embeddable":true,"href":"https:\/\/www.vajkuny.com\/sk\/wp-json\/wp\/v2\/comments?post=1975"}],"wp:featuredmedia":[{"embeddable":true,"href":"https:\/\/www.vajkuny.com\/sk\/wp-json\/wp\/v2\/media\/1979"}],"wp:attachment":[{"href":"https:\/\/www.vajkuny.com\/sk\/wp-json\/wp\/v2\/media?parent=1975"}],"wp:term":[{"taxonomy":"product_cat","embeddable":true,"href":"https:\/\/www.vajkuny.com\/sk\/wp-json\/wp\/v2\/product_cat?post=1975"},{"taxonomy":"product_tag","embeddable":true,"href":"https:\/\/www.vajkuny.com\/sk\/wp-json\/wp\/v2\/product_tag?post=1975"}],"curies":[{"name":"wp","href":"https:\/\/api.w.org\/{rel}","templated":true}]}}