{"id":1919,"date":"2019-06-10T10:17:16","date_gmt":"2019-06-10T08:17:16","guid":{"rendered":"https:\/\/www.vajkuny.com\/sk\/?post_type=product&#038;p=1919"},"modified":"2021-02-08T20:31:03","modified_gmt":"2021-02-08T19:31:03","slug":"nabikini-nina","status":"publish","type":"product","link":"https:\/\/www.vajkuny.com\/sk\/product\/nabikini-nina\/","title":{"rendered":"Nabikini Nina"},"content":{"rendered":"","protected":false},"excerpt":{"rendered":"<p><strong>\u013eahu\u010dk\u00e9 \u0161aty\u00a0na\u00a0plavky<\/strong><\/p>\n<p>d\u013a\u017eka\u00a0vpredu\u00a078 cm<br \/>\nd\u013a\u017eka vzadu\u00a0105 cm<\/p>\n","protected":false},"featured_media":1921,"comment_status":"open","ping_status":"closed","template":"","meta":[],"product_cat":[141],"product_tag":[],"_links":{"self":[{"href":"https:\/\/www.vajkuny.com\/sk\/wp-json\/wp\/v2\/product\/1919"}],"collection":[{"href":"https:\/\/www.vajkuny.com\/sk\/wp-json\/wp\/v2\/product"}],"about":[{"href":"https:\/\/www.vajkuny.com\/sk\/wp-json\/wp\/v2\/types\/product"}],"replies":[{"embeddable":true,"href":"https:\/\/www.vajkuny.com\/sk\/wp-json\/wp\/v2\/comments?post=1919"}],"wp:featuredmedia":[{"embeddable":true,"href":"https:\/\/www.vajkuny.com\/sk\/wp-json\/wp\/v2\/media\/1921"}],"wp:attachment":[{"href":"https:\/\/www.vajkuny.com\/sk\/wp-json\/wp\/v2\/media?parent=1919"}],"wp:term":[{"taxonomy":"product_cat","embeddable":true,"href":"https:\/\/www.vajkuny.com\/sk\/wp-json\/wp\/v2\/product_cat?post=1919"},{"taxonomy":"product_tag","embeddable":true,"href":"https:\/\/www.vajkuny.com\/sk\/wp-json\/wp\/v2\/product_tag?post=1919"}],"curies":[{"name":"wp","href":"https:\/\/api.w.org\/{rel}","templated":true}]}}