{"id":1793,"date":"2018-05-30T13:10:32","date_gmt":"2018-05-30T11:10:32","guid":{"rendered":"https:\/\/www.vajkuny.com\/sk\/?page_id=1793"},"modified":"2021-02-01T13:16:33","modified_gmt":"2021-02-01T12:16:33","slug":"vratenie-tovaru-a-reklamacie","status":"publish","type":"page","link":"https:\/\/www.vajkuny.com\/sk\/vratenie-tovaru-a-reklamacie\/","title":{"rendered":"Vr\u00e1tenie tovaru a reklam\u00e1cie"},"content":{"rendered":"<p><strong>VR\u00c1TENIE TOVARU<\/strong><\/p>\n<ul>\n<li>M\u00e1te pr\u00e1vo vr\u00e1ti\u0165 tovar do 14 dn\u00ed od d\u00e1tumu prijatia z\u00e1sielky.<\/li>\n<li>Nemus\u00edte ani uv\u00e1dza\u0165 d\u00f4vod vr\u00e1tenia, aj ke\u010f budeme v\u010fa\u010dn\u00ed za tak\u00fa inform\u00e1ciu &#8211; vyu\u017eijeme ju pri pr\u00edprave ponuky a pre vylep\u0161ovanie fungovania obchodu.<\/li>\n<li>Tovar za\u0161lite sp\u00e4\u0165 na adresu:<\/li>\n<li>Pre <strong>\u010cesk\u00fa republiku: Salon Villa &#8211; sklad NABIKINI, Jungmannova 373\/20, Liberec, 46001<\/strong><br \/>\nPre <strong>Slovensko: NABIKINI- Erwel s.r.o., Stani\u010dn\u00e1 267\/21, Brezov\u00e1 pod Bradlom, 90613<\/strong><\/li>\n<li>Nezabudnite prilo\u017ei\u0165 origin\u00e1l alebo k\u00f3piu n\u00e1kupn\u00e9ho dokladu a inform\u00e1ciu o Va\u0161om \u010d\u00edsle \u00fa\u010dtu, na ktor\u00fd V\u00e1m po\u0161leme peniaze sp\u00e4\u0165.<\/li>\n<li>Vr\u00e1ten\u00fd tovar mus\u00ed by\u0165 \u010dist\u00fd a v poriadku.<\/li>\n<li>Hodnota objedn\u00e1vky V\u00e1m bude vr\u00e1ten\u00e1 v lehote od 5 do 14 dn\u00ed, pod\u013ea platn\u00fdch ustanoven\u00ed.<\/li>\n<\/ul>\n<p><strong>REKLAM\u00c1CIE<\/strong><\/p>\n<ul>\n<li>Reklama\u010dn\u00fd formul\u00e1r vytla\u010dte a d\u00f4kladne vypl\u0148te. Reklam\u00e1ciu bez prilo\u017een\u00e9ho formul\u00e1ra alebo s nespr\u00e1vne vyplnen\u00fdm dokladom nebudeme m\u00f4c\u0165 uzna\u0165.<\/li>\n<li>Pokia\u013e nem\u00e1te mo\u017enos\u0165 reklama\u010dn\u00fd formul\u00e1r vytla\u010di\u0165, m\u00f4\u017eete tak\u00fd formul\u00e1r vyp\u00edsa\u0165 pod\u013ea vzoru aj ru\u010dne.<\/li>\n<li>Po\u0161lite reklamovan\u00fd tovar spolu s reklama\u010dn\u00fdm formul\u00e1rom na adresu:<br \/>\nPre <strong>Slovensko: NABIKINI- Erwel s.r.o., Stani\u010dn\u00e1 267\/21, Brezov\u00e1 pod Bradlom, 90613<\/strong><br \/>\nPre <strong>\u010cesk\u00fa republiku: Salon Villa &#8211; sklad NABIKINI, Jungmannova 373\/20, Liberec, 46001<\/strong><\/li>\n<li>Reklam\u00e1cie s\u00fa spracov\u00e1van\u00e9 v priebehu maxim\u00e1lne 30 dn\u00ed od d\u00e1tumu prijatia reklamovan\u00e9ho tovaru.<\/li>\n<li>V pr\u00edpade od\u00f4vodnenej reklam\u00e1cie bude po\u0161koden\u00fd tovar opraven\u00fd alebo vymenen\u00fd za in\u00fd (plnohodnotn\u00fd). Pokia\u013e nebude oprava alebo v\u00fdmena mo\u017en\u00e1 (napr. Kv\u00f4li ch\u00fdbaj\u00facim skladov\u00fdm z\u00e1sob\u00e1m) &#8211; vr\u00e1time V\u00e1m hodnotu ceny v\u00fdrobku.<\/li>\n<li>Reklamovan\u00fd tovar posielate na vlastn\u00e9 n\u00e1klady a zodpovednos\u0165. Neposielajte pros\u00edm z\u00e1sielky na dobierku &#8211; nem\u00e1me technick\u00fa mo\u017enos\u0165 prevzatia takejto z\u00e1sielky.<\/li>\n<\/ul>\n<p>&nbsp;<\/p>\n","protected":false},"excerpt":{"rendered":"<p>VR\u00c1TENIE TOVARU M\u00e1te pr\u00e1vo vr\u00e1ti\u0165 tovar do 14 dn\u00ed od d\u00e1tumu prijatia z\u00e1sielky. Nemus\u00edte ani uv\u00e1dza\u0165 d\u00f4vod vr\u00e1tenia, aj ke\u010f budeme v\u010fa\u010dn\u00ed za tak\u00fa inform\u00e1ciu &#8211; vyu\u017eijeme ju pri pr\u00edprave ponuky a pre vylep\u0161ovanie fungovania obchodu. Tovar za\u0161lite sp\u00e4\u0165 na adresu: Pre \u010cesk\u00fa republiku: Salon Villa &#8211; sklad NABIKINI, Jungmannova 373\/20, Liberec, 46001 Pre Slovensko: [&hellip;]<\/p>\n","protected":false},"author":1,"featured_media":0,"parent":0,"menu_order":0,"comment_status":"closed","ping_status":"closed","template":"","meta":[],"_links":{"self":[{"href":"https:\/\/www.vajkuny.com\/sk\/wp-json\/wp\/v2\/pages\/1793"}],"collection":[{"href":"https:\/\/www.vajkuny.com\/sk\/wp-json\/wp\/v2\/pages"}],"about":[{"href":"https:\/\/www.vajkuny.com\/sk\/wp-json\/wp\/v2\/types\/page"}],"author":[{"embeddable":true,"href":"https:\/\/www.vajkuny.com\/sk\/wp-json\/wp\/v2\/users\/1"}],"replies":[{"embeddable":true,"href":"https:\/\/www.vajkuny.com\/sk\/wp-json\/wp\/v2\/comments?post=1793"}],"version-history":[{"count":4,"href":"https:\/\/www.vajkuny.com\/sk\/wp-json\/wp\/v2\/pages\/1793\/revisions"}],"predecessor-version":[{"id":2201,"href":"https:\/\/www.vajkuny.com\/sk\/wp-json\/wp\/v2\/pages\/1793\/revisions\/2201"}],"wp:attachment":[{"href":"https:\/\/www.vajkuny.com\/sk\/wp-json\/wp\/v2\/media?parent=1793"}],"curies":[{"name":"wp","href":"https:\/\/api.w.org\/{rel}","templated":true}]}}